{"id":2,"date":"2025-10-03T16:05:31","date_gmt":"2025-10-03T16:05:31","guid":{"rendered":"http:\/\/senovita.sn\/?page_id=2"},"modified":"2025-10-03T16:40:49","modified_gmt":"2025-10-03T16:40:49","slug":"senovita","status":"publish","type":"page","link":"https:\/\/senovita.sn\/index.php\/senovita\/","title":{"rendered":"\u00c0 propos de Senovita"},"content":{"rendered":"\n<p>Senovita est une jeune entreprise innovante bas\u00e9e au S\u00e9n\u00e9gal, sp\u00e9cialis\u00e9e dans la conception et la mise en \u0153uvre de solutions modernes pour am\u00e9liorer le quotidien.<br>Notre objectif est d\u2019apporter des produits de qualit\u00e9, adapt\u00e9s aux besoins locaux, et de contribuer au d\u00e9veloppement de solutions accessibles et durables.<\/p>\n\n\n\n<p>Nous travaillons avec passion pour d\u00e9velopper des projets qui allient innovation, fiabilit\u00e9 et simplicit\u00e9, afin d\u2019offrir \u00e0 nos clients des exp\u00e9riences uniques et pratiques.<\/p>\n\n\n\n<p>Ce site est en cours de construction. Revenez bient\u00f4t pour d\u00e9couvrir nos prochaines r\u00e9alisations et en savoir plus sur nos activit\u00e9s.<\/p>\n","protected":false},"excerpt":{"rendered":"<p>Senovita est une jeune entreprise innovante bas\u00e9e au S\u00e9n\u00e9gal, sp\u00e9cialis\u00e9e dans la conception et la mise en \u0153uvre de solutions modernes pour am\u00e9liorer le quotidien.Notre objectif est d\u2019apporter des produits de qualit\u00e9, adapt\u00e9s aux besoins locaux, et de contribuer au d\u00e9veloppement de solutions accessibles et durables. Nous travaillons avec passion pour d\u00e9velopper des projets qui [&hellip;]<\/p>\n","protected":false},"author":1,"featured_media":0,"parent":0,"menu_order":0,"comment_status":"closed","ping_status":"closed","template":"","meta":{"footnotes":""},"class_list":["post-2","page","type-page","status-publish","hentry"],"_links":{"self":[{"href":"https:\/\/senovita.sn\/index.php\/wp-json\/wp\/v2\/pages\/2","targetHints":{"allow":["GET"]}}],"collection":[{"href":"https:\/\/senovita.sn\/index.php\/wp-json\/wp\/v2\/pages"}],"about":[{"href":"https:\/\/senovita.sn\/index.php\/wp-json\/wp\/v2\/types\/page"}],"author":[{"embeddable":true,"href":"https:\/\/senovita.sn\/index.php\/wp-json\/wp\/v2\/users\/1"}],"replies":[{"embeddable":true,"href":"https:\/\/senovita.sn\/index.php\/wp-json\/wp\/v2\/comments?post=2"}],"version-history":[{"count":3,"href":"https:\/\/senovita.sn\/index.php\/wp-json\/wp\/v2\/pages\/2\/revisions"}],"predecessor-version":[{"id":9,"href":"https:\/\/senovita.sn\/index.php\/wp-json\/wp\/v2\/pages\/2\/revisions\/9"}],"wp:attachment":[{"href":"https:\/\/senovita.sn\/index.php\/wp-json\/wp\/v2\/media?parent=2"}],"curies":[{"name":"wp","href":"https:\/\/api.w.org\/{rel}","templated":true}]}}